{"id":4550,"date":"2025-07-07T16:24:51","date_gmt":"2025-07-07T14:24:51","guid":{"rendered":"https:\/\/institutdelafinancedurable.com\/private-equity\/"},"modified":"2025-07-07T16:24:51","modified_gmt":"2025-07-07T14:24:51","slug":"private-equity","status":"publish","type":"page","link":"http:\/\/institutdelafinancedurable.org\/en\/private-equity\/","title":{"rendered":"Private equity"},"content":{"rendered":"<!-- START OF : Composant : block-periscope-theme-section-composant-32-barre-de-selection.php -->\n\n<div class=\"barre-selection bg-observatoire py-3\" data-component=\"32-barre-de-selection\">\n\t<div class=\"container\">\n\t\t<div class=\"row\">\n\t\t\t\t\t\t<div class=\"col-lg-6 mb-3 mb-lg-0\">\n\t\t\t\t<div class=\"form-group\">\n\t\t\t\t\t<label for=\"sector\" class=\"form-label\">Sector<\/label>\n\t\t\t\t\t<select class=\"form-select bg-white border-0\" id=\"sector\" aria-label=\"Select a sector\">\n\t\t\t\t\t\t<option value=\"banks\" >Banks<\/option>\n\t\t\t\t\t\t<option value=\"asset-managers\" >Asset managers<\/option>\n\t\t\t\t\t\t<option value=\"insurers\" >Insurers<\/option>\n\t\t\t\t\t\t<option value=\"private-equity\" >Private equity<\/option>\n\t\t\t\t\t\t<option value=\"specialized-financing-institutions\" >Specialized financing institutions<\/option>\n\t\t\t\t\t<\/select>\n\t\t\t\t<\/div>\n\t\t\t<\/div>\n\t\t\t\t\t\t<div class=\"col-lg-6\">\n\t\t\t\t<div class=\"form-group\">\n\t\t\t\t\t<label for=\"theme\" class=\"form-label\">Theme<\/label>\n\t\t\t\t\t<select class=\"form-select bg-white border-0\" id=\"theme\" aria-label=\"Select a theme\">\n\t\t\t\t\t\t<option value=\"fossil-fuels\" >Fossil fuels<\/option>\n\t\t\t\t\t\t<option value=\"climate\" >Climate<\/option>\n\t\t\t\t\t\t<option value=\"esg\" >ESG<\/option>\n\t\t\t\t\t<\/select>\n\t\t\t\t<\/div>\n\t\t\t<\/div>\n\t\t\t\t\t<\/div>\n\t<\/div>\n<\/div>\n<script>\njQuery(document).ready(function() {\n\t\/\/ Stocker les options originales du s\u00e9lecteur \"Th\u00e8me\"\n\tvar $themeSelect = jQuery('#theme');\n\tvar originalThemeOptions = $themeSelect.html();\n\n\t\/\/ G\u00e9rer le changement du s\u00e9lecteur \"Secteur\"\n\tjQuery('#sector').on('change', function() {\n\t\tvar selectedSector = jQuery(this).val();\n\n\t\tif ( $selected_sector == $available_sectors[3] || $selected_sector == $available_sectors[4] ) {\n\t\t\t\/\/ Ne garder que \"Climat\" dans le s\u00e9lecteur \"Th\u00e8me\"\n\t\t\t$themeSelect.html('');\n\t\t\t$themeSelect.append('<option value=\"climat\">Climate<\/option>');\n\t\t} else {\n\t\t\t\/\/ Restaurer les options originales\n\t\t\t$themeSelect.html(originalThemeOptions);\n\t\t}\n\t});\n\n\t\/\/ D\u00e9clencher l'\u00e9v\u00e9nement \"change\" au chargement de la page pour mettre \u00e0 jour le s\u00e9lecteur \"Th\u00e8me\"\n\tjQuery('#sector').trigger('change');\n});\n<\/script>\n\n<!-- END OF : Composant : block-periscope-theme-section-composant-32-barre-de-selection.php -->\n","protected":false},"excerpt":{"rendered":"","protected":false},"author":1,"featured_media":0,"parent":0,"menu_order":0,"comment_status":"closed","ping_status":"closed","template":"","meta":{"_acf_changed":false,"footnotes":""},"class_list":["post-4550","page","type-page","status-publish","hentry"],"acf":[],"yoast_head":"<!-- This site is optimized with the Yoast SEO plugin v23.9 - https:\/\/yoast.com\/wordpress\/plugins\/seo\/ -->\n<title>Private equity - Institut de la finance durable<\/title>\n<meta name=\"robots\" content=\"index, follow, max-snippet:-1, max-image-preview:large, max-video-preview:-1\" \/>\n<link rel=\"canonical\" href=\"http:\/\/institutdelafinancedurable.org\/en\/wp-json\/wp\/v2\/pages\/4550\/\" \/>\n<meta property=\"og:locale\" content=\"en_US\" \/>\n<meta property=\"og:type\" content=\"article\" \/>\n<meta property=\"og:title\" content=\"Private equity - Institut de la finance durable\" \/>\n<meta property=\"og:url\" content=\"http:\/\/institutdelafinancedurable.org\/en\/private-equity\/\" \/>\n<meta property=\"og:site_name\" content=\"Institut de la finance durable\" \/>\n<meta name=\"twitter:card\" content=\"summary_large_image\" \/>\n<script type=\"application\/ld+json\" class=\"yoast-schema-graph\">{\"@context\":\"https:\/\/schema.org\",\"@graph\":[{\"@type\":\"WebPage\",\"@id\":\"http:\/\/institutdelafinancedurable.org\/en\/private-equity\/\",\"url\":\"http:\/\/institutdelafinancedurable.org\/en\/private-equity\/\",\"name\":\"Private equity - Institut de la finance durable\",\"isPartOf\":{\"@id\":\"https:\/\/institutdelafinancedurable.com\/#website\"},\"datePublished\":\"2025-07-07T14:24:51+00:00\",\"dateModified\":\"2025-07-07T14:24:51+00:00\",\"breadcrumb\":{\"@id\":\"http:\/\/institutdelafinancedurable.org\/en\/private-equity\/#breadcrumb\"},\"inLanguage\":\"en-US\",\"potentialAction\":[{\"@type\":\"ReadAction\",\"target\":[\"http:\/\/institutdelafinancedurable.org\/en\/private-equity\/\"]}]},{\"@type\":\"BreadcrumbList\",\"@id\":\"http:\/\/institutdelafinancedurable.org\/en\/private-equity\/#breadcrumb\",\"itemListElement\":[{\"@type\":\"ListItem\",\"position\":1,\"name\":\"Accueil\",\"item\":\"https:\/\/institutdelafinancedurable.fr\/en\/\"},{\"@type\":\"ListItem\",\"position\":2,\"name\":\"Private equity\"}]},{\"@type\":\"WebSite\",\"@id\":\"https:\/\/institutdelafinancedurable.com\/#website\",\"url\":\"https:\/\/institutdelafinancedurable.com\/\",\"name\":\"Institut de la finance durable\",\"description\":\"\",\"potentialAction\":[{\"@type\":\"SearchAction\",\"target\":{\"@type\":\"EntryPoint\",\"urlTemplate\":\"https:\/\/institutdelafinancedurable.com\/?s={search_term_string}\"},\"query-input\":{\"@type\":\"PropertyValueSpecification\",\"valueRequired\":true,\"valueName\":\"search_term_string\"}}],\"inLanguage\":\"en-US\"}]}<\/script>\n<!-- \/ Yoast SEO plugin. -->","yoast_head_json":{"title":"Private equity - Institut de la finance durable","robots":{"index":"index","follow":"follow","max-snippet":"max-snippet:-1","max-image-preview":"max-image-preview:large","max-video-preview":"max-video-preview:-1"},"canonical":"http:\/\/institutdelafinancedurable.org\/en\/wp-json\/wp\/v2\/pages\/4550\/","og_locale":"en_US","og_type":"article","og_title":"Private equity - Institut de la finance durable","og_url":"http:\/\/institutdelafinancedurable.org\/en\/private-equity\/","og_site_name":"Institut de la finance durable","twitter_card":"summary_large_image","schema":{"@context":"https:\/\/schema.org","@graph":[{"@type":"WebPage","@id":"http:\/\/institutdelafinancedurable.org\/en\/private-equity\/","url":"http:\/\/institutdelafinancedurable.org\/en\/private-equity\/","name":"Private equity - Institut de la finance durable","isPartOf":{"@id":"https:\/\/institutdelafinancedurable.com\/#website"},"datePublished":"2025-07-07T14:24:51+00:00","dateModified":"2025-07-07T14:24:51+00:00","breadcrumb":{"@id":"http:\/\/institutdelafinancedurable.org\/en\/private-equity\/#breadcrumb"},"inLanguage":"en-US","potentialAction":[{"@type":"ReadAction","target":["http:\/\/institutdelafinancedurable.org\/en\/private-equity\/"]}]},{"@type":"BreadcrumbList","@id":"http:\/\/institutdelafinancedurable.org\/en\/private-equity\/#breadcrumb","itemListElement":[{"@type":"ListItem","position":1,"name":"Accueil","item":"https:\/\/institutdelafinancedurable.fr\/en\/"},{"@type":"ListItem","position":2,"name":"Private equity"}]},{"@type":"WebSite","@id":"https:\/\/institutdelafinancedurable.com\/#website","url":"https:\/\/institutdelafinancedurable.com\/","name":"Institut de la finance durable","description":"","potentialAction":[{"@type":"SearchAction","target":{"@type":"EntryPoint","urlTemplate":"https:\/\/institutdelafinancedurable.com\/?s={search_term_string}"},"query-input":{"@type":"PropertyValueSpecification","valueRequired":true,"valueName":"search_term_string"}}],"inLanguage":"en-US"}]}},"_links":{"self":[{"href":"http:\/\/institutdelafinancedurable.org\/en\/wp-json\/wp\/v2\/pages\/4550","targetHints":{"allow":["GET"]}}],"collection":[{"href":"http:\/\/institutdelafinancedurable.org\/en\/wp-json\/wp\/v2\/pages"}],"about":[{"href":"http:\/\/institutdelafinancedurable.org\/en\/wp-json\/wp\/v2\/types\/page"}],"author":[{"embeddable":true,"href":"http:\/\/institutdelafinancedurable.org\/en\/wp-json\/wp\/v2\/users\/1"}],"replies":[{"embeddable":true,"href":"http:\/\/institutdelafinancedurable.org\/en\/wp-json\/wp\/v2\/comments?post=4550"}],"version-history":[{"count":0,"href":"http:\/\/institutdelafinancedurable.org\/en\/wp-json\/wp\/v2\/pages\/4550\/revisions"}],"wp:attachment":[{"href":"http:\/\/institutdelafinancedurable.org\/en\/wp-json\/wp\/v2\/media?parent=4550"}],"curies":[{"name":"wp","href":"https:\/\/api.w.org\/{rel}","templated":true}]}}